{"id":2576,"date":"2025-04-25T12:41:46","date_gmt":"2025-04-25T12:41:46","guid":{"rendered":"https:\/\/gspremium-construction.com\/apply-for-a-job\/"},"modified":"2025-05-14T14:47:11","modified_gmt":"2025-05-14T14:47:11","slug":"apply-for-a-job","status":"publish","type":"page","link":"https:\/\/gspremium-construction.com\/fr\/apply-for-a-job\/","title":{"rendered":"Postuler \u00e0 un emploi"},"content":{"rendered":"\t\t<div data-elementor-type=\"wp-page\" data-elementor-id=\"2576\" class=\"elementor elementor-2576\">\n\t\t\t\t<div class=\"elementor-element elementor-element-d8b6e67 e-con-full e-flex e-con e-parent\" data-id=\"d8b6e67\" data-element_type=\"container\">\n\t\t<div class=\"elementor-element elementor-element-56f7cbf e-con-full e-flex e-con e-child\" data-id=\"56f7cbf\" data-element_type=\"container\">\n\t\t\t\t<\/div>\n\t\t<div class=\"elementor-element elementor-element-bef4771 e-con-full e-flex e-con e-child\" data-id=\"bef4771\" data-element_type=\"container\">\n\t\t\t\t<div class=\"elementor-element elementor-element-c96adce elementor-widget elementor-widget-spacer\" data-id=\"c96adce\" data-element_type=\"widget\" data-widget_type=\"spacer.default\">\n\t\t\t\t<div class=\"elementor-widget-container\">\n\t\t\t\t\t\t\t<div class=\"elementor-spacer\">\n\t\t\t<div class=\"elementor-spacer-inner\"><\/div>\n\t\t<\/div>\n\t\t\t\t\t\t<\/div>\n\t\t\t\t<\/div>\n\t\t\t\t<div class=\"elementor-element elementor-element-560f6d4 elementor-widget elementor-widget-heading\" data-id=\"560f6d4\" data-element_type=\"widget\" data-widget_type=\"heading.default\">\n\t\t\t\t<div class=\"elementor-widget-container\">\n\t\t\t\t\t<h1 class=\"elementor-heading-title elementor-size-default\">Postulez \u2013 Rejoignez notre \u00e9quipe !<\/h1>\t\t\t\t<\/div>\n\t\t\t\t<\/div>\n\t\t\t\t<div class=\"elementor-element elementor-element-aab37e9 elementor-widget elementor-widget-text-editor\" data-id=\"aab37e9\" data-element_type=\"widget\" data-widget_type=\"text-editor.default\">\n\t\t\t\t<div class=\"elementor-widget-container\">\n\t\t\t\t\t\t\t\t\t<p><strong>Une carri\u00e8re dans les secteurs de la construction et de l\u2019industrie est \u00e0 la fois passionnante et vari\u00e9e. Vous aurez l\u2019opportunit\u00e9 de participer \u00e0 une grande diversit\u00e9 de projets, de d\u00e9velopper vos comp\u00e9tences et de relever de nouveaux d\u00e9fis. Gr\u00e2ce \u00e0 notre vaste exp\u00e9rience dans le recrutement et le secteur de la construction, ainsi qu\u2019\u00e0 un large r\u00e9seau de partenaires, nous sommes l\u00e0 pour vous accompagner dans votre recherche d\u2019emploi.<\/strong><br \/><strong>Nous vous offrons de r\u00e9elles perspectives de carri\u00e8re, des salaires comp\u00e9titifs, du mat\u00e9riel haut de gamme et un soutien en cas de difficult\u00e9s.<\/strong><\/p>\t\t\t\t\t\t\t\t<\/div>\n\t\t\t\t<\/div>\n\t\t\t\t<\/div>\n\t\t<div class=\"elementor-element elementor-element-673ed2d e-con-full e-flex e-con e-child\" data-id=\"673ed2d\" data-element_type=\"container\">\n\t\t\t\t<\/div>\n\t\t\t\t<\/div>\n\t\t<div class=\"elementor-element elementor-element-0fa5344 e-flex e-con-boxed e-con e-parent\" data-id=\"0fa5344\" data-element_type=\"container\">\n\t\t\t\t\t<div class=\"e-con-inner\">\n\t\t\t\t<div class=\"elementor-element elementor-element-4a0faa2 elementor-widget elementor-widget-spacer\" data-id=\"4a0faa2\" data-element_type=\"widget\" data-widget_type=\"spacer.default\">\n\t\t\t\t<div class=\"elementor-widget-container\">\n\t\t\t\t\t\t\t<div class=\"elementor-spacer\">\n\t\t\t<div class=\"elementor-spacer-inner\"><\/div>\n\t\t<\/div>\n\t\t\t\t\t\t<\/div>\n\t\t\t\t<\/div>\n\t\t\t\t\t<\/div>\n\t\t\t\t<\/div>\n\t\t<div class=\"elementor-element elementor-element-a02070c e-flex e-con-boxed e-con e-parent\" data-id=\"a02070c\" data-element_type=\"container\" data-settings=\"{&quot;background_background&quot;:&quot;classic&quot;}\">\n\t\t\t\t\t<div class=\"e-con-inner\">\n\t\t<div class=\"elementor-element elementor-element-3ec8994 e-con-full e-flex e-con e-child\" data-id=\"3ec8994\" data-element_type=\"container\">\n\t\t\t\t<div class=\"elementor-element elementor-element-7bdd702 elementor-widget elementor-widget-spacer\" data-id=\"7bdd702\" data-element_type=\"widget\" data-widget_type=\"spacer.default\">\n\t\t\t\t<div class=\"elementor-widget-container\">\n\t\t\t\t\t\t\t<div class=\"elementor-spacer\">\n\t\t\t<div class=\"elementor-spacer-inner\"><\/div>\n\t\t<\/div>\n\t\t\t\t\t\t<\/div>\n\t\t\t\t<\/div>\n\t\t\t\t<div class=\"elementor-element elementor-element-68bad38 im_order elementor-widget elementor-widget-image\" data-id=\"68bad38\" data-element_type=\"widget\" data-widget_type=\"image.default\">\n\t\t\t\t<div class=\"elementor-widget-container\">\n\t\t\t\t\t\t\t\t\t\t\t\t\t\t\t<img fetchpriority=\"high\" decoding=\"async\" width=\"1080\" height=\"1620\" src=\"https:\/\/gspremium-construction.com\/wp-content\/uploads\/2025\/04\/gs4.webp\" class=\"attachment-full size-full wp-image-2528\" alt=\"\" srcset=\"https:\/\/gspremium-construction.com\/wp-content\/uploads\/2025\/04\/gs4.webp 1080w, https:\/\/gspremium-construction.com\/wp-content\/uploads\/2025\/04\/gs4-768x1152.webp 768w, https:\/\/gspremium-construction.com\/wp-content\/uploads\/2025\/04\/gs4-1024x1536.webp 1024w\" sizes=\"(max-width: 1080px) 100vw, 1080px\" \/>\t\t\t\t\t\t\t\t\t\t\t\t\t\t\t<\/div>\n\t\t\t\t<\/div>\n\t\t\t\t<\/div>\n\t\t<div class=\"elementor-element elementor-element-baba577 e-con-full e-flex e-con e-child\" data-id=\"baba577\" data-element_type=\"container\">\n\t\t\t\t<div class=\"elementor-element elementor-element-d7b83e3 elementor-widget elementor-widget-text-editor\" data-id=\"d7b83e3\" data-element_type=\"widget\" data-widget_type=\"text-editor.default\">\n\t\t\t\t<div class=\"elementor-widget-container\">\n\t\t\t\t\t\t\t\t\t<p><div class=\"wpforms-container wpforms-container-full order_form wpforms-render-modern\" id=\"wpforms-2591\"><form id=\"wpforms-form-2591\" class=\"wpforms-validate wpforms-form wpforms-ajax-form\" data-formid=\"2591\" method=\"post\" enctype=\"multipart\/form-data\" action=\"\/fr\/wp-json\/wp\/v2\/pages\/2576?wpforms_form_id=2591\" data-token=\"c94ba5c554a3432df79f675e92a03b0e\" data-token-time=\"1777036740\"><noscript class=\"wpforms-error-noscript\">Veuillez activer JavaScript dans votre navigateur pour remplir ce formulaire.<\/noscript><div class=\"wpforms-hidden\" id=\"wpforms-error-noscript\">Veuillez activer JavaScript dans votre navigateur pour remplir ce formulaire.<\/div><div class=\"wpforms-field-container\"><div id=\"wpforms-2591-field_18-container\" class=\"wpforms-field wpforms-field-name\" data-field-id=\"18\"><fieldset><legend class=\"wpforms-field-label\">Nom <span class=\"wpforms-required-label\" aria-hidden=\"true\">*<\/span><\/legend><div class=\"wpforms-field-row wpforms-field-large\"><div class=\"wpforms-field-row-block wpforms-first wpforms-one-half\"><input type=\"text\" id=\"wpforms-2591-field_18\" class=\"wpforms-field-name-first wpforms-field-required\" name=\"wpforms[fields][18][first]\" aria-errormessage=\"wpforms-2591-field_18-error\" required><label for=\"wpforms-2591-field_18\" class=\"wpforms-field-sublabel after\">Pr\u00e9nom<\/label><\/div><div class=\"wpforms-field-row-block wpforms-one-half\"><input type=\"text\" id=\"wpforms-2591-field_18-last\" class=\"wpforms-field-name-last wpforms-field-required\" name=\"wpforms[fields][18][last]\" aria-errormessage=\"wpforms-2591-field_18-last-error\" required><label for=\"wpforms-2591-field_18-last\" class=\"wpforms-field-sublabel after\">Nom<\/label><\/div><\/div><\/fieldset><\/div><div id=\"wpforms-2591-field_5-container\" class=\"wpforms-field wpforms-field-phone\" data-field-id=\"5\"><label class=\"wpforms-field-label\" for=\"wpforms-2591-field_5\">T\u00e9l\u00e9phone <span class=\"wpforms-required-label\" aria-hidden=\"true\">*<\/span><\/label><input type=\"tel\" id=\"wpforms-2591-field_5\" class=\"wpforms-field-large wpforms-field-required wpforms-smart-phone-field\" data-rule-smart-phone-field=\"true\" name=\"wpforms[fields][5]\" aria-label=\"T\u00e9l\u00e9phone\" aria-errormessage=\"wpforms-2591-field_5-error\" required><\/div><div id=\"wpforms-2591-field_2-container\" class=\"wpforms-field wpforms-field-email\" data-field-id=\"2\"><label class=\"wpforms-field-label\" for=\"wpforms-2591-field_2\">E-mail <span class=\"wpforms-required-label\" aria-hidden=\"true\">*<\/span><\/label><input type=\"email\" id=\"wpforms-2591-field_2\" class=\"wpforms-field-large wpforms-field-required\" name=\"wpforms[fields][2]\" spellcheck=\"false\" aria-errormessage=\"wpforms-2591-field_2-error\" required><\/div><div id=\"wpforms-2591-field_22-container\" class=\"wpforms-field wpforms-field-text\" data-field-id=\"22\"><label class=\"wpforms-field-label\" for=\"wpforms-2591-field_22\">Lieu de r\u00e9sidence actuel <span class=\"wpforms-required-label\" aria-hidden=\"true\">*<\/span><\/label><input type=\"text\" id=\"wpforms-2591-field_22\" class=\"wpforms-field-large wpforms-field-required\" name=\"wpforms[fields][22]\" aria-errormessage=\"wpforms-2591-field_22-error\" required><\/div><div id=\"wpforms-2591-field_7-container\" class=\"wpforms-field wpforms-field-select wpforms-conditional-trigger wpforms-field-select-style-classic\" data-field-id=\"7\"><label class=\"wpforms-field-label\" for=\"wpforms-2591-field_7\">Votre m\u00e9tier <span class=\"wpforms-required-label\" aria-hidden=\"true\">*<\/span><\/label><select id=\"wpforms-2591-field_7\" class=\"wpforms-field-large wpforms-field-required\" name=\"wpforms[fields][7]\" required=\"required\"><option value=\"\" class=\"placeholder\" disabled  selected='selected'>&#8211; S\u00e9lectionner<\/option><option value=\"Peintre\" >Peintre<\/option><option value=\"Soudeur\" >Soudeur<\/option><option value=\"\u00c9lectricien\" >\u00c9lectricien<\/option><option value=\"Menuisier\" >Menuisier<\/option><option value=\"Agent de nettoyage\" >Agent de nettoyage<\/option><option value=\"Cuisinier\" >Cuisinier<\/option><option value=\"Pl\u00e2trier\" >Pl\u00e2trier<\/option><option value=\"Chauffeur poids lourd\" >Chauffeur poids lourd<\/option><option value=\"Cariste\" >Cariste<\/option><option value=\"Op\u00e9rateur sur machine CNC\" >Op\u00e9rateur sur machine CNC<\/option><option value=\"Ouvrier du b\u00e2timent\" >Ouvrier du b\u00e2timent<\/option><option value=\"Plombier\" >Plombier<\/option><option value=\"M\u00e9canicien \/ Technicien\" >M\u00e9canicien \/ Technicien<\/option><option value=\"Monteur en structures m\u00e9talliques\" >Monteur en structures m\u00e9talliques<\/option><option value=\"Charpentier m\u00e9tallique\" >Charpentier m\u00e9tallique<\/option><option value=\"Ma\u00e7on\" >Ma\u00e7on<\/option><option value=\"Carreleur\" >Carreleur<\/option><option value=\"Calorifugeur \/ Isolateur\" >Calorifugeur \/ Isolateur<\/option><option value=\"Chef de chantier\" >Chef de chantier<\/option><option value=\"Pr\u00e9parateur de commandes \/ Magasinier\" >Pr\u00e9parateur de commandes \/ Magasinier<\/option><option value=\"Man\u0153uvre\" >Man\u0153uvre<\/option><option value=\"Autre\" >Autre<\/option><\/select><\/div><div id=\"wpforms-2591-field_8-container\" class=\"wpforms-field wpforms-field-text wpforms-conditional-field wpforms-conditional-show\" data-field-id=\"8\" style=\"display:none;\"><label class=\"wpforms-field-label\" for=\"wpforms-2591-field_8\">Autre m\u00e9tier<\/label><input type=\"text\" id=\"wpforms-2591-field_8\" class=\"wpforms-field-large\" name=\"wpforms[fields][8]\" aria-errormessage=\"wpforms-2591-field_8-error\" ><\/div><div id=\"wpforms-2591-field_24-container\" class=\"wpforms-field wpforms-field-text\" data-field-id=\"24\"><label class=\"wpforms-field-label\" for=\"wpforms-2591-field_24\">Comp\u00e9tences linguistiques<\/label><input type=\"text\" id=\"wpforms-2591-field_24\" class=\"wpforms-field-large\" name=\"wpforms[fields][24]\" placeholder=\"Allemand, Anglais, Fran\u00e7ais...\" aria-errormessage=\"wpforms-2591-field_24-error\" ><\/div><div id=\"wpforms-2591-field_11-container\" class=\"wpforms-field wpforms-field-richtext wpforms-field-richtext-toolbar-basic wpforms-field-medium\" data-field-id=\"11\"><fieldset><legend class=\"wpforms-field-label\">\u00c0 propos de votre exp\u00e9rience professionnelle<\/legend><div id=\"wp-wpforms-2591-field_11-wrap\" class=\"wp-core-ui wp-editor-wrap tmce-active\"><link rel='stylesheet' id='dashicons-css' href='https:\/\/gspremium-construction.com\/wp-includes\/css\/dashicons.min.css?ver=6.8.1'  media='all' \/>\n<link rel='stylesheet' id='editor-buttons-css' href='https:\/\/gspremium-construction.com\/wp-includes\/css\/editor.min.css?ver=6.8.1'  media='all' \/>\n<div id=\"wp-wpforms-2591-field_11-editor-tools\" class=\"wp-editor-tools hide-if-no-js\"><div class=\"wp-editor-tabs\"><button type=\"button\" id=\"wpforms-2591-field_11-tmce\" aria-pressed=\"true\" class=\"wp-switch-editor switch-tmce\" data-wp-editor-id=\"wpforms-2591-field_11\">Visuel<\/button>\n<button type=\"button\" id=\"wpforms-2591-field_11-html\" class=\"wp-switch-editor switch-html\" data-wp-editor-id=\"wpforms-2591-field_11\">Code<\/button>\n<\/div>\n<\/div>\n<div id=\"wp-wpforms-2591-field_11-editor-container\" class=\"wp-editor-container\"><div id=\"qt_wpforms-2591-field_11_toolbar\" class=\"quicktags-toolbar hide-if-no-js\"><\/div><textarea class=\"wp-editor-area\" style=\"height: 120px\" autocomplete=\"off\" cols=\"40\" name=\"wpforms[fields][11]\" id=\"wpforms-2591-field_11\"><\/textarea><\/div>\n<\/div>\n\n<\/fieldset><\/div><div id=\"wpforms-2591-field_23-container\" class=\"wpforms-field wpforms-field-file-upload\" data-field-id=\"23\"><label class=\"wpforms-field-label\" for=\"wpforms-2591-field_23\">T\u00e9l\u00e9charger votre CV<\/label><div\n\t\tclass=\"wpforms-uploader\"\n\t\tdata-field-id=\"23\"\n\t\tdata-form-id=\"2591\"\n\t\tdata-input-name=\"wpforms_2591_23\"\n\t\tdata-extensions=\"pdf,jpg,png,txt,doc,docx\"\n\t\tdata-max-size=\"2146435072\"\n\t\tdata-max-file-number=\"1\"\n\t\tdata-post-max-size=\"2146435072\"\n\t\tdata-max-parallel-uploads=\"4\"\n\t\tdata-parallel-uploads=\"true\"\n\t\tdata-file-chunk-size=\"2097152\">\n\t<div class=\"dz-message\">\n\t\t<svg viewBox=\"0 0 1024 1024\" focusable=\"false\" data-icon=\"inbox\" width=\"50px\" height=\"50px\" fill=\"currentColor\" aria-hidden=\"true\">\n\t\t\t<path d=\"M885.2 446.3l-.2-.8-112.2-285.1c-5-16.1-19.9-27.2-36.8-27.2H281.2c-17 0-32.1 11.3-36.9 27.6L139.4 443l-.3.7-.2.8c-1.3 4.9-1.7 9.9-1 14.8-.1 1.6-.2 3.2-.2 4.8V830a60.9 60.9 0 0 0 60.8 60.8h627.2c33.5 0 60.8-27.3 60.9-60.8V464.1c0-1.3 0-2.6-.1-3.7.4-4.9 0-9.6-1.3-14.1zm-295.8-43l-.3 15.7c-.8 44.9-31.8 75.1-77.1 75.1-22.1 0-41.1-7.1-54.8-20.6S436 441.2 435.6 419l-.3-15.7H229.5L309 210h399.2l81.7 193.3H589.4zm-375 76.8h157.3c24.3 57.1 76 90.8 140.4 90.8 33.7 0 65-9.4 90.3-27.2 22.2-15.6 39.5-37.4 50.7-63.6h156.5V814H214.4V480.1z\"><\/path>\n\t\t<\/svg>\n\t\t<span class=\"modern-title\">Cliquez ou d\u00e9placez un fichier dans cette zone pour le t\u00e9l\u00e9verser.<\/span>\n\n\t\t\t<\/div>\n<\/div>\n<input\n\t\ttype=\"text\"\n\t\tautocomplete=\"off\"\n\t\treadonly\n\t\tclass=\"dropzone-input\"\n\t\tstyle=\"position:absolute!important;clip:rect(0,0,0,0)!important;height:1px!important;width:1px!important;border:0!important;overflow:hidden!important;padding:0!important;margin:0!important;\"\n\t\tid=\"wpforms-2591-field_23\"\n\t\tname=\"wpforms_2591_23\" \t\tvalue=\"\">\n<\/div><div id=\"wpforms-2591-field_17-container\" class=\"wpforms-field wpforms-field-checkbox\" data-field-id=\"17\"><fieldset><legend class=\"wpforms-field-label\"> <span class=\"wpforms-required-label\" aria-hidden=\"true\">*<\/span><\/legend><ul id=\"wpforms-2591-field_17\" class=\"wpforms-field-required\"><li class=\"choice-1 depth-1\"><input type=\"checkbox\" id=\"wpforms-2591-field_17_1\" name=\"wpforms[fields][17][]\" value=\"J&#039;accepte le traitement de mes donn\u00e9es conform\u00e9ment \u00e0 la politique de confidentialit\u00e9.\" aria-errormessage=\"wpforms-2591-field_17_1-error\" required ><label class=\"wpforms-field-label-inline\" for=\"wpforms-2591-field_17_1\">J&#8217;accepte le traitement de mes donn\u00e9es conform\u00e9ment \u00e0 la politique de confidentialit\u00e9.<\/label><\/li><\/ul><\/fieldset><\/div><\/div><!-- .wpforms-field-container --><div class=\"wpforms-submit-container\" ><input type=\"hidden\" name=\"wpforms[id]\" value=\"2591\"><input type=\"hidden\" name=\"page_title\" value=\"\"><input type=\"hidden\" name=\"page_url\" value=\"https:\/\/gspremium-construction.com\/fr\/wp-json\/wp\/v2\/pages\/2576\"><input type=\"hidden\" name=\"url_referer\" value=\"\"><button type=\"submit\" name=\"wpforms[submit]\" id=\"wpforms-submit-2591\" class=\"wpforms-submit order_button\" data-alt-text=\"Envoi...\" data-submit-text=\"Soumettre\" aria-live=\"assertive\" value=\"wpforms-submit\">Soumettre<\/button><img decoding=\"async\" src=\"https:\/\/gspremium-construction.com\/wp-content\/plugins\/wpforms\/assets\/images\/submit-spin.svg\" class=\"wpforms-submit-spinner\" style=\"display: none;\" width=\"26\" height=\"26\" alt=\"Chargement en cours\"><\/div><\/form><\/div>  <!-- .wpforms-container --><\/p>\t\t\t\t\t\t\t\t<\/div>\n\t\t\t\t<\/div>\n\t\t\t\t<\/div>\n\t\t\t\t\t<\/div>\n\t\t\t\t<\/div>\n\t\t\t\t<\/div>\n\t\t","protected":false},"excerpt":{"rendered":"<p>Postulez \u2013 Rejoignez notre \u00e9quipe ! Une carri\u00e8re dans les secteurs de la construction et de l\u2019industrie est \u00e0 la fois passionnante et vari\u00e9e. Vous aurez l\u2019opportunit\u00e9 de participer \u00e0 une grande diversit\u00e9 de projets, de d\u00e9velopper vos comp\u00e9tences et de relever de nouveaux d\u00e9fis. Gr\u00e2ce \u00e0 notre vaste exp\u00e9rience dans le recrutement et le <\/p>\n","protected":false},"author":1,"featured_media":0,"parent":0,"menu_order":0,"comment_status":"closed","ping_status":"closed","template":"elementor_header_footer","meta":{"footnotes":""},"class_list":["post-2576","page","type-page","status-publish","hentry"],"_links":{"self":[{"href":"https:\/\/gspremium-construction.com\/fr\/wp-json\/wp\/v2\/pages\/2576","targetHints":{"allow":["GET"]}}],"collection":[{"href":"https:\/\/gspremium-construction.com\/fr\/wp-json\/wp\/v2\/pages"}],"about":[{"href":"https:\/\/gspremium-construction.com\/fr\/wp-json\/wp\/v2\/types\/page"}],"author":[{"embeddable":true,"href":"https:\/\/gspremium-construction.com\/fr\/wp-json\/wp\/v2\/users\/1"}],"replies":[{"embeddable":true,"href":"https:\/\/gspremium-construction.com\/fr\/wp-json\/wp\/v2\/comments?post=2576"}],"version-history":[{"count":10,"href":"https:\/\/gspremium-construction.com\/fr\/wp-json\/wp\/v2\/pages\/2576\/revisions"}],"predecessor-version":[{"id":2719,"href":"https:\/\/gspremium-construction.com\/fr\/wp-json\/wp\/v2\/pages\/2576\/revisions\/2719"}],"wp:attachment":[{"href":"https:\/\/gspremium-construction.com\/fr\/wp-json\/wp\/v2\/media?parent=2576"}],"curies":[{"name":"wp","href":"https:\/\/api.w.org\/{rel}","templated":true}]}}