{"id":2575,"date":"2025-04-25T13:11:22","date_gmt":"2025-04-25T13:11:22","guid":{"rendered":"https:\/\/gspremium-construction.com\/hiring-temporary-staff\/"},"modified":"2025-05-14T14:46:34","modified_gmt":"2025-05-14T14:46:34","slug":"hiring-temporary-staff","status":"publish","type":"page","link":"https:\/\/gspremium-construction.com\/fr\/hiring-temporary-staff\/","title":{"rendered":"Embauche de personnel temporaire"},"content":{"rendered":"\t\t<div data-elementor-type=\"wp-page\" data-elementor-id=\"2575\" class=\"elementor elementor-2575\">\n\t\t\t\t<div class=\"elementor-element elementor-element-d8b6e67 e-con-full e-flex e-con e-parent\" data-id=\"d8b6e67\" data-element_type=\"container\">\n\t\t<div class=\"elementor-element elementor-element-56f7cbf e-con-full e-flex e-con e-child\" data-id=\"56f7cbf\" data-element_type=\"container\">\n\t\t\t\t<\/div>\n\t\t<div class=\"elementor-element elementor-element-bef4771 e-con-full e-flex e-con e-child\" data-id=\"bef4771\" data-element_type=\"container\">\n\t\t\t\t<div class=\"elementor-element elementor-element-c96adce elementor-widget elementor-widget-spacer\" data-id=\"c96adce\" data-element_type=\"widget\" data-widget_type=\"spacer.default\">\n\t\t\t\t<div class=\"elementor-widget-container\">\n\t\t\t\t\t\t\t<div class=\"elementor-spacer\">\n\t\t\t<div class=\"elementor-spacer-inner\"><\/div>\n\t\t<\/div>\n\t\t\t\t\t\t<\/div>\n\t\t\t\t<\/div>\n\t\t\t\t<div class=\"elementor-element elementor-element-560f6d4 elementor-widget elementor-widget-heading\" data-id=\"560f6d4\" data-element_type=\"widget\" data-widget_type=\"heading.default\">\n\t\t\t\t<div class=\"elementor-widget-container\">\n\t\t\t\t\t<h1 class=\"elementor-heading-title elementor-size-default\">Recrutez vos employ\u00e9s ici<\/h1>\t\t\t\t<\/div>\n\t\t\t\t<\/div>\n\t\t\t\t<div class=\"elementor-element elementor-element-aab37e9 elementor-widget elementor-widget-text-editor\" data-id=\"aab37e9\" data-element_type=\"widget\" data-widget_type=\"text-editor.default\">\n\t\t\t\t<div class=\"elementor-widget-container\">\n\t\t\t\t\t\t\t\t\t<strong>Gr\u00e2ce \u00e0 notre vaste exp\u00e9rience dans les secteurs du recrutement et de la construction, ainsi qu\u2019\u00e0 notre vaste r\u00e9seau de professionnels qualifi\u00e9s, nous sommes \u00e0 votre disposition chaque fois que vous avez besoin de main-d\u2019\u0153uvre suppl\u00e9mentaire. En faisant appel \u00e0 nos services pour le recrutement de vos \u00e9quipes, vous avez l\u2019assurance de disposer du nombre ad\u00e9quat de professionnels au bon moment, afin de respecter les d\u00e9lais de vos projets.<\/strong>\t\t\t\t\t\t\t\t<\/div>\n\t\t\t\t<\/div>\n\t\t\t\t<\/div>\n\t\t<div class=\"elementor-element elementor-element-673ed2d e-con-full e-flex e-con e-child\" data-id=\"673ed2d\" data-element_type=\"container\">\n\t\t\t\t<\/div>\n\t\t\t\t<\/div>\n\t\t<div class=\"elementor-element elementor-element-0fa5344 e-flex e-con-boxed e-con e-parent\" data-id=\"0fa5344\" data-element_type=\"container\">\n\t\t\t\t\t<div class=\"e-con-inner\">\n\t\t\t\t<div class=\"elementor-element elementor-element-4a0faa2 elementor-widget elementor-widget-spacer\" data-id=\"4a0faa2\" data-element_type=\"widget\" data-widget_type=\"spacer.default\">\n\t\t\t\t<div class=\"elementor-widget-container\">\n\t\t\t\t\t\t\t<div class=\"elementor-spacer\">\n\t\t\t<div class=\"elementor-spacer-inner\"><\/div>\n\t\t<\/div>\n\t\t\t\t\t\t<\/div>\n\t\t\t\t<\/div>\n\t\t\t\t\t<\/div>\n\t\t\t\t<\/div>\n\t\t<div class=\"elementor-element elementor-element-a02070c e-flex e-con-boxed e-con e-parent\" data-id=\"a02070c\" data-element_type=\"container\" data-settings=\"{&quot;background_background&quot;:&quot;classic&quot;}\">\n\t\t\t\t\t<div class=\"e-con-inner\">\n\t\t<div class=\"elementor-element elementor-element-3ec8994 e-con-full e-flex e-con e-child\" data-id=\"3ec8994\" data-element_type=\"container\">\n\t\t\t\t<div class=\"elementor-element elementor-element-7bdd702 elementor-widget elementor-widget-spacer\" data-id=\"7bdd702\" data-element_type=\"widget\" data-widget_type=\"spacer.default\">\n\t\t\t\t<div class=\"elementor-widget-container\">\n\t\t\t\t\t\t\t<div class=\"elementor-spacer\">\n\t\t\t<div class=\"elementor-spacer-inner\"><\/div>\n\t\t<\/div>\n\t\t\t\t\t\t<\/div>\n\t\t\t\t<\/div>\n\t\t\t\t<div class=\"elementor-element elementor-element-68bad38 im_order elementor-widget elementor-widget-image\" data-id=\"68bad38\" data-element_type=\"widget\" data-widget_type=\"image.default\">\n\t\t\t\t<div class=\"elementor-widget-container\">\n\t\t\t\t\t\t\t\t\t\t\t\t\t\t\t<img fetchpriority=\"high\" decoding=\"async\" width=\"1280\" height=\"1829\" src=\"https:\/\/gspremium-construction.com\/wp-content\/uploads\/2025\/04\/group-confident-men-blue-uniforms-posing-factory-setting-1280x1829-1.webp\" class=\"attachment-full size-full wp-image-2567\" alt=\"\" srcset=\"https:\/\/gspremium-construction.com\/wp-content\/uploads\/2025\/04\/group-confident-men-blue-uniforms-posing-factory-setting-1280x1829-1.webp 1280w, https:\/\/gspremium-construction.com\/wp-content\/uploads\/2025\/04\/group-confident-men-blue-uniforms-posing-factory-setting-1280x1829-1-768x1097.webp 768w, https:\/\/gspremium-construction.com\/wp-content\/uploads\/2025\/04\/group-confident-men-blue-uniforms-posing-factory-setting-1280x1829-1-1075x1536.webp 1075w\" sizes=\"(max-width: 1280px) 100vw, 1280px\" \/>\t\t\t\t\t\t\t\t\t\t\t\t\t\t\t<\/div>\n\t\t\t\t<\/div>\n\t\t\t\t<\/div>\n\t\t<div class=\"elementor-element elementor-element-baba577 e-con-full e-flex e-con e-child\" data-id=\"baba577\" data-element_type=\"container\">\n\t\t\t\t<div class=\"elementor-element elementor-element-d7b83e3 elementor-widget elementor-widget-text-editor\" data-id=\"d7b83e3\" data-element_type=\"widget\" data-widget_type=\"text-editor.default\">\n\t\t\t\t<div class=\"elementor-widget-container\">\n\t\t\t\t\t\t\t\t\t<div class=\"wpforms-container wpforms-container-full order_form wpforms-render-modern\" id=\"wpforms-2579\"><form id=\"wpforms-form-2579\" class=\"wpforms-validate wpforms-form wpforms-ajax-form\" data-formid=\"2579\" method=\"post\" enctype=\"multipart\/form-data\" action=\"\/fr\/wp-json\/wp\/v2\/pages\/2575\" data-token=\"01285d49e59bc8371e40884b8cad7571\" data-token-time=\"1777036656\"><noscript class=\"wpforms-error-noscript\">Veuillez activer JavaScript dans votre navigateur pour remplir ce formulaire.<\/noscript><div class=\"wpforms-hidden\" id=\"wpforms-error-noscript\">Veuillez activer JavaScript dans votre navigateur pour remplir ce formulaire.<\/div><div class=\"wpforms-field-container\"><div id=\"wpforms-2579-field_4-container\" class=\"wpforms-field wpforms-field-text\" data-field-id=\"4\"><label class=\"wpforms-field-label\" for=\"wpforms-2579-field_4\">Nom de l&#039;entreprise <span class=\"wpforms-required-label\" aria-hidden=\"true\">*<\/span><\/label><input type=\"text\" id=\"wpforms-2579-field_4\" class=\"wpforms-field-large wpforms-field-required\" name=\"wpforms[fields][4]\" aria-errormessage=\"wpforms-2579-field_4-error\" required><\/div><div id=\"wpforms-2579-field_5-container\" class=\"wpforms-field wpforms-field-phone\" data-field-id=\"5\"><label class=\"wpforms-field-label\" for=\"wpforms-2579-field_5\">T\u00e9l\u00e9phone <span class=\"wpforms-required-label\" aria-hidden=\"true\">*<\/span><\/label><input type=\"tel\" id=\"wpforms-2579-field_5\" class=\"wpforms-field-large wpforms-field-required wpforms-smart-phone-field\" data-rule-smart-phone-field=\"true\" name=\"wpforms[fields][5]\" aria-label=\"T\u00e9l\u00e9phone\" aria-errormessage=\"wpforms-2579-field_5-error\" required><\/div><div id=\"wpforms-2579-field_2-container\" class=\"wpforms-field wpforms-field-email\" data-field-id=\"2\"><label class=\"wpforms-field-label\" for=\"wpforms-2579-field_2\">E-mail <span class=\"wpforms-required-label\" aria-hidden=\"true\">*<\/span><\/label><input type=\"email\" id=\"wpforms-2579-field_2\" class=\"wpforms-field-large wpforms-field-required\" name=\"wpforms[fields][2]\" spellcheck=\"false\" aria-errormessage=\"wpforms-2579-field_2-error\" required><\/div><div id=\"wpforms-2579-field_7-container\" class=\"wpforms-field wpforms-field-select wpforms-conditional-trigger wpforms-field-select-style-classic\" data-field-id=\"7\"><label class=\"wpforms-field-label\" for=\"wpforms-2579-field_7\">S\u00e9lection du m\u00e9tier <span class=\"wpforms-required-label\" aria-hidden=\"true\">*<\/span><\/label><select id=\"wpforms-2579-field_7\" class=\"wpforms-field-large wpforms-field-required\" name=\"wpforms[fields][7]\" required=\"required\"><option value=\"\" class=\"placeholder\" disabled  selected='selected'>&#8211; S\u00e9lectionner<\/option><option value=\"Peintre\" >Peintre<\/option><option value=\"Soudeur\" >Soudeur<\/option><option value=\"\u00c9lectricien\" >\u00c9lectricien<\/option><option value=\"Menuisier\" >Menuisier<\/option><option value=\"Agent de nettoyage\" >Agent de nettoyage<\/option><option value=\"Cuisinier\" >Cuisinier<\/option><option value=\"Pl\u00e2trier\" >Pl\u00e2trier<\/option><option value=\"Chauffeur poids lourd\" >Chauffeur poids lourd<\/option><option value=\"Cariste\" >Cariste<\/option><option value=\"Op\u00e9rateur sur machine CNC\" >Op\u00e9rateur sur machine CNC<\/option><option value=\"Ouvrier du b\u00e2timent\" >Ouvrier du b\u00e2timent<\/option><option value=\"Plombier\" >Plombier<\/option><option value=\"M\u00e9canicien \/ Technicien\" >M\u00e9canicien \/ Technicien<\/option><option value=\"Monteur en structures m\u00e9talliques\" >Monteur en structures m\u00e9talliques<\/option><option value=\"Charpentier m\u00e9tallique\" >Charpentier m\u00e9tallique<\/option><option value=\"Ma\u00e7on\" >Ma\u00e7on<\/option><option value=\"Carreleur\" >Carreleur<\/option><option value=\"Calorifugeur \/ Isolateur\" >Calorifugeur \/ Isolateur<\/option><option value=\"Chef de chantier\" >Chef de chantier<\/option><option value=\"Pr\u00e9parateur de commandes \/ Magasinier\" >Pr\u00e9parateur de commandes \/ Magasinier<\/option><option value=\"Man\u0153uvre\" >Man\u0153uvre<\/option><option value=\"Autre\" >Autre<\/option><\/select><\/div><div id=\"wpforms-2579-field_8-container\" class=\"wpforms-field wpforms-field-text wpforms-conditional-field wpforms-conditional-show\" data-field-id=\"8\" style=\"display:none;\"><label class=\"wpforms-field-label\" for=\"wpforms-2579-field_8\">Autre profession<\/label><input type=\"text\" id=\"wpforms-2579-field_8\" class=\"wpforms-field-large\" name=\"wpforms[fields][8]\" aria-errormessage=\"wpforms-2579-field_8-error\" ><\/div><div id=\"wpforms-2579-field_9-container\" class=\"wpforms-field wpforms-field-select wpforms-conditional-trigger wpforms-field-select-style-classic\" data-field-id=\"9\"><label class=\"wpforms-field-label\" for=\"wpforms-2579-field_9\">Dur\u00e9e souhait\u00e9e de mise \u00e0 disposition du personnel <span class=\"wpforms-required-label\" aria-hidden=\"true\">*<\/span><\/label><select id=\"wpforms-2579-field_9\" class=\"wpforms-field-large wpforms-field-required\" name=\"wpforms[fields][9]\" required=\"required\"><option value=\"\" class=\"placeholder\" disabled  selected='selected'>&#8211; S\u00e9lectionner<\/option><option value=\"1 mois\" >1 mois<\/option><option value=\"2 mois\" >2 mois<\/option><option value=\"3 mois\" >3 mois<\/option><option value=\"De 1 \u00e0 12 mois\" >De 1 \u00e0 12 mois<\/option><\/select><\/div><div id=\"wpforms-2579-field_10-container\" class=\"wpforms-field wpforms-field-text wpforms-conditional-field wpforms-conditional-show\" data-field-id=\"10\" style=\"display:none;\"><label class=\"wpforms-field-label\" for=\"wpforms-2579-field_10\">Pr\u00e9cisez la p\u00e9riode<\/label><input type=\"text\" id=\"wpforms-2579-field_10\" class=\"wpforms-field-large\" name=\"wpforms[fields][10]\" aria-errormessage=\"wpforms-2579-field_10-error\" ><\/div><div id=\"wpforms-2579-field_11-container\" class=\"wpforms-field wpforms-field-richtext wpforms-field-richtext-toolbar-basic wpforms-field-medium\" data-field-id=\"11\"><fieldset><legend class=\"wpforms-field-label\">Souhaits et exigences particuli\u00e8res<\/legend><div id=\"wp-wpforms-2579-field_11-wrap\" class=\"wp-core-ui wp-editor-wrap tmce-active\"><link rel='stylesheet' id='dashicons-css' href='https:\/\/gspremium-construction.com\/wp-includes\/css\/dashicons.min.css?ver=6.8.1'  media='all' \/>\n<link rel='stylesheet' id='editor-buttons-css' href='https:\/\/gspremium-construction.com\/wp-includes\/css\/editor.min.css?ver=6.8.1'  media='all' \/>\n<div id=\"wp-wpforms-2579-field_11-editor-tools\" class=\"wp-editor-tools hide-if-no-js\"><div class=\"wp-editor-tabs\"><button type=\"button\" id=\"wpforms-2579-field_11-tmce\" aria-pressed=\"true\" class=\"wp-switch-editor switch-tmce\" data-wp-editor-id=\"wpforms-2579-field_11\">Visuel<\/button>\n<button type=\"button\" id=\"wpforms-2579-field_11-html\" class=\"wp-switch-editor switch-html\" data-wp-editor-id=\"wpforms-2579-field_11\">Code<\/button>\n<\/div>\n<\/div>\n<div id=\"wp-wpforms-2579-field_11-editor-container\" class=\"wp-editor-container\"><div id=\"qt_wpforms-2579-field_11_toolbar\" class=\"quicktags-toolbar hide-if-no-js\"><\/div><textarea class=\"wp-editor-area\" style=\"height: 120px\" autocomplete=\"off\" cols=\"40\" name=\"wpforms[fields][11]\" id=\"wpforms-2579-field_11\"><\/textarea><\/div>\n<\/div>\n\n<\/fieldset><\/div><div id=\"wpforms-2579-field_17-container\" class=\"wpforms-field wpforms-field-checkbox\" data-field-id=\"17\"><fieldset><legend class=\"wpforms-field-label\"> <span class=\"wpforms-required-label\" aria-hidden=\"true\">*<\/span><\/legend><ul id=\"wpforms-2579-field_17\" class=\"wpforms-field-required\"><li class=\"choice-1 depth-1\"><input type=\"checkbox\" id=\"wpforms-2579-field_17_1\" name=\"wpforms[fields][17][]\" value=\"J&#039;accepte le traitement de mes donn\u00e9es conform\u00e9ment \u00e0 la politique de confidentialit\u00e9.\" aria-errormessage=\"wpforms-2579-field_17_1-error\" required ><label class=\"wpforms-field-label-inline\" for=\"wpforms-2579-field_17_1\">J&#8217;accepte le traitement de mes donn\u00e9es conform\u00e9ment \u00e0 la politique de confidentialit\u00e9.<\/label><\/li><\/ul><\/fieldset><\/div><\/div><!-- .wpforms-field-container --><div class=\"wpforms-submit-container\" ><input type=\"hidden\" name=\"wpforms[id]\" value=\"2579\"><input type=\"hidden\" name=\"page_title\" value=\"\"><input type=\"hidden\" name=\"page_url\" value=\"https:\/\/gspremium-construction.com\/fr\/wp-json\/wp\/v2\/pages\/2575\"><input type=\"hidden\" name=\"url_referer\" value=\"\"><button type=\"submit\" name=\"wpforms[submit]\" id=\"wpforms-submit-2579\" class=\"wpforms-submit order_button\" data-alt-text=\"Envoi...\" data-submit-text=\"Soumettre\" aria-live=\"assertive\" value=\"wpforms-submit\">Soumettre<\/button><img decoding=\"async\" src=\"https:\/\/gspremium-construction.com\/wp-content\/plugins\/wpforms\/assets\/images\/submit-spin.svg\" class=\"wpforms-submit-spinner\" style=\"display: none;\" width=\"26\" height=\"26\" alt=\"Chargement en cours\"><\/div><\/form><\/div>  <!-- .wpforms-container -->\t\t\t\t\t\t\t\t<\/div>\n\t\t\t\t<\/div>\n\t\t\t\t<\/div>\n\t\t\t\t\t<\/div>\n\t\t\t\t<\/div>\n\t\t\t\t<\/div>\n\t\t","protected":false},"excerpt":{"rendered":"<p>Recrutez vos employ\u00e9s ici Gr\u00e2ce \u00e0 notre vaste exp\u00e9rience dans les secteurs du recrutement et de la construction, ainsi qu\u2019\u00e0 notre vaste r\u00e9seau de professionnels qualifi\u00e9s, nous sommes \u00e0 votre disposition chaque fois que vous avez besoin de main-d\u2019\u0153uvre suppl\u00e9mentaire. En faisant appel \u00e0 nos services pour le recrutement de vos \u00e9quipes, vous avez l\u2019assurance <\/p>\n","protected":false},"author":1,"featured_media":0,"parent":0,"menu_order":0,"comment_status":"closed","ping_status":"closed","template":"elementor_header_footer","meta":{"footnotes":""},"class_list":["post-2575","page","type-page","status-publish","hentry"],"_links":{"self":[{"href":"https:\/\/gspremium-construction.com\/fr\/wp-json\/wp\/v2\/pages\/2575","targetHints":{"allow":["GET"]}}],"collection":[{"href":"https:\/\/gspremium-construction.com\/fr\/wp-json\/wp\/v2\/pages"}],"about":[{"href":"https:\/\/gspremium-construction.com\/fr\/wp-json\/wp\/v2\/types\/page"}],"author":[{"embeddable":true,"href":"https:\/\/gspremium-construction.com\/fr\/wp-json\/wp\/v2\/users\/1"}],"replies":[{"embeddable":true,"href":"https:\/\/gspremium-construction.com\/fr\/wp-json\/wp\/v2\/comments?post=2575"}],"version-history":[{"count":7,"href":"https:\/\/gspremium-construction.com\/fr\/wp-json\/wp\/v2\/pages\/2575\/revisions"}],"predecessor-version":[{"id":2716,"href":"https:\/\/gspremium-construction.com\/fr\/wp-json\/wp\/v2\/pages\/2575\/revisions\/2716"}],"wp:attachment":[{"href":"https:\/\/gspremium-construction.com\/fr\/wp-json\/wp\/v2\/media?parent=2575"}],"curies":[{"name":"wp","href":"https:\/\/api.w.org\/{rel}","templated":true}]}}