{"id":2364,"date":"2021-05-04T12:13:57","date_gmt":"2021-05-04T12:13:57","guid":{"rendered":"https:\/\/gspremium-construction.com\/contact-us\/"},"modified":"2025-05-14T15:59:33","modified_gmt":"2025-05-14T15:59:33","slug":"contact-us","status":"publish","type":"page","link":"https:\/\/gspremium-construction.com\/fr\/contact-us\/","title":{"rendered":"Contactez-nous"},"content":{"rendered":"\t\t<div data-elementor-type=\"wp-page\" data-elementor-id=\"2364\" class=\"elementor elementor-2364\">\n\t\t\t\t<div class=\"elementor-element elementor-element-ef549bf e-flex e-con-boxed e-con e-parent\" data-id=\"ef549bf\" data-element_type=\"container\">\n\t\t\t\t\t<div class=\"e-con-inner\">\n\t\t\t\t<div class=\"elementor-element elementor-element-ce4889c elementor-widget elementor-widget-spacer\" data-id=\"ce4889c\" data-element_type=\"widget\" data-widget_type=\"spacer.default\">\n\t\t\t\t<div class=\"elementor-widget-container\">\n\t\t\t\t\t\t\t<div class=\"elementor-spacer\">\n\t\t\t<div class=\"elementor-spacer-inner\"><\/div>\n\t\t<\/div>\n\t\t\t\t\t\t<\/div>\n\t\t\t\t<\/div>\n\t\t\t\t<div class=\"elementor-element elementor-element-2e79e36 elementor-widget elementor-widget-heading\" data-id=\"2e79e36\" data-element_type=\"widget\" data-widget_type=\"heading.default\">\n\t\t\t\t<div class=\"elementor-widget-container\">\n\t\t\t\t\t<h2 class=\"elementor-heading-title elementor-size-default\">G&S PREMIUM CONSTRUCTION<\/h2>\t\t\t\t<\/div>\n\t\t\t\t<\/div>\n\t\t\t\t\t<\/div>\n\t\t\t\t<\/div>\n\t\t\t\t<section class=\"elementor-section elementor-top-section elementor-element elementor-element-7228040 elementor-section-full_width elementor-section-height-default elementor-section-height-default\" data-id=\"7228040\" data-element_type=\"section\">\n\t\t\t\t\t\t<div class=\"elementor-container elementor-column-gap-custom\">\n\t\t\t\t\t<div class=\"elementor-column elementor-col-100 elementor-top-column elementor-element elementor-element-a5e1f7e\" data-id=\"a5e1f7e\" data-element_type=\"column\">\n\t\t\t<div class=\"elementor-widget-wrap elementor-element-populated\">\n\t\t\t\t\t\t<div class=\"elementor-element elementor-element-a57b50e elementor-widget elementor-widget-dz-contact-form-1\" data-id=\"a57b50e\" data-element_type=\"widget\" data-widget_type=\"dz-contact-form-1.default\">\n\t\t\t\t<div class=\"elementor-widget-container\">\n\t\t\t\t\t<section class=\"content-inner\">\r\n\t<div class=\"container\">\r\n\t\t<div class=\"row\">\r\n\t\t\t\t\t\t\t<div class=\"col-lg-4 col-md-6 m-b30 aos-item\" data-aos=\"fade-up\" data-aos-duration=\"800\" data-aos-delay=\"200\">\r\n\t\t\t\t\t<div class=\"icon-bx-wraper style-8 bg-white\" data-name=\"01\">\r\n\t\t\t\t\t\t\t\t\t\t\t\t\t<div class=\"icon-md m-r20\">\r\n\t\t\t\t\t\t\t\t<span class=\"icon-cell text-primary\">\r\n\t\t\t\t\t\t\t\t\t<i class=\"flaticon flaticon-telephone\"><\/i>\r\n\t\t\t\t\t\t\t\t<\/span> \r\n\t\t\t\t\t\t\t<\/div>\r\n\t\t\t\t\t\t\t\t\t\t\t\t\r\n\t\t\t\t\t\t<div class=\"icon-content\">\r\n\t\t\t\t\t\t\r\n\t\t\t\t\t\t\t\t\t\t\t\t\t\t\t<h4 class=\"tilte m-b10\">\r\n\t\t\t\t\t\t\t\t\tT\u00e9l\u00e9phonez maintenant\t\t\t\t\t\t\t\t<\/h4>\r\n\t\t\t\t\t\t\t\t\t\t\t\t\t\t\r\n\t\t\t\t\t\t\t\t\t\t\t\t\t\t\t<p class=\"m-b0\">\r\n\t\t\t\t\t\t\t\t\t<a href=\"tel:+14378370109\">+14378370109<\/a> <br> <br> \t\t\t\t\t\t\t\t<\/p>\r\n\t\t\t\t\t\t\t\t\t\t\t\t\t<\/div>\r\n\t\t\t\t\t<\/div>\r\n\t\t\t\t<\/div>\r\n\t\t\t\t\t\t\t<div class=\"col-lg-4 col-md-6 m-b30 aos-item\" data-aos=\"fade-up\" data-aos-duration=\"800\" data-aos-delay=\"200\">\r\n\t\t\t\t\t<div class=\"icon-bx-wraper style-8 bg-white\" data-name=\"02\">\r\n\t\t\t\t\t\t\t\t\t\t\t\t\t<div class=\"icon-md m-r20\">\r\n\t\t\t\t\t\t\t\t<span class=\"icon-cell text-primary\">\r\n\t\t\t\t\t\t\t\t\t<i class=\"flaticon flaticon-email\"><\/i>\r\n\t\t\t\t\t\t\t\t<\/span> \r\n\t\t\t\t\t\t\t<\/div>\r\n\t\t\t\t\t\t\t\t\t\t\t\t\r\n\t\t\t\t\t\t<div class=\"icon-content\">\r\n\t\t\t\t\t\t\r\n\t\t\t\t\t\t\t\t\t\t\t\t\t\t\t<h4 class=\"tilte m-b10\">\r\n\t\t\t\t\t\t\t\t\tEnvoyez un e-mail maintenant\t\t\t\t\t\t\t\t<\/h4>\r\n\t\t\t\t\t\t\t\t\t\t\t\t\t\t\r\n\t\t\t\t\t\t\t\t\t\t\t\t\t\t\t<p class=\"m-b0\">\r\n\t\t\t\t\t\t\t\t\t\n<a href=\"mailto:info@gspremium-construction.com\">info@gspremium-construction.com<\/a>\t\t\t\t\t\t\t\t<\/p>\r\n\t\t\t\t\t\t\t\t\t\t\t\t\t<\/div>\r\n\t\t\t\t\t<\/div>\r\n\t\t\t\t<\/div>\r\n\t\t\t\t\t\t\t<div class=\"col-lg-4 col-md-6 m-b30 aos-item\" data-aos=\"fade-up\" data-aos-duration=\"800\" data-aos-delay=\"200\">\r\n\t\t\t\t\t<div class=\"icon-bx-wraper style-8 bg-white\" data-name=\"03\">\r\n\t\t\t\t\t\t\t\t\t\t\t\t\t<div class=\"icon-md m-r20\">\r\n\t\t\t\t\t\t\t\t<span class=\"icon-cell text-primary\">\r\n\t\t\t\t\t\t\t\t\t<i class=\"flaticon flaticon-placeholder\"><\/i>\r\n\t\t\t\t\t\t\t\t<\/span> \r\n\t\t\t\t\t\t\t<\/div>\r\n\t\t\t\t\t\t\t\t\t\t\t\t\r\n\t\t\t\t\t\t<div class=\"icon-content\">\r\n\t\t\t\t\t\t\r\n\t\t\t\t\t\t\t\t\t\t\t\t\t\t\t<h4 class=\"tilte m-b10\">\r\n\t\t\t\t\t\t\t\t\tAdresse\t\t\t\t\t\t\t\t<\/h4>\r\n\t\t\t\t\t\t\t\t\t\t\t\t\t\t\r\n\t\t\t\t\t\t\t\t\t\t\t\t\t\t\t<p class=\"m-b0\">\r\n\t\t\t\t\t\t\t\t\t 2 Eva Road, Unit 2726, Etobicoke, Ontario, M9C0A9\n<br><br>\t\t\t\t\t\t\t\t<\/p>\r\n\t\t\t\t\t\t\t\t\t\t\t\t\t<\/div>\r\n\t\t\t\t\t<\/div>\r\n\t\t\t\t<\/div>\r\n\t\t\t\t\t<\/div>\r\n\t<\/div>\r\n<\/section>\r\n\r\n\r\n<!-- Contact Form -->\r\n<section class=\"content-inner-1 pt-0\">\r\n\t\t\t<div class=\"map-iframe\">\r\n\t\t\t<div style=\"\n-webkit-filter: grayscale(100%);\nfilter: grayscale(100%);\"><iframe src=\"https:\/\/www.google.com\/maps\/embed?pb=!1m18!1m12!1m3!1d2887.3724805519214!2d-79.56514882382385!3d43.64041817110277!2m3!1f0!2f0!3f0!3m2!1i1024!2i768!4f13.1!3m3!1m2!1s0x882b398ee5419a9f%3A0xad2e66fed34f66e1!2zMiBFdmEgUmQgIzI3MjYsIEV0b2JpY29rZSwgT04gTTlDIDBBOSwg0JrQsNC90LDQtNCw!5e0!3m2!1sru!2sru!4v1724412240837!5m2!1sru!2sru\" width=\"600\" height=\"450\" style=\"border:0;\" allowfullscreen=\"\" loading=\"lazy\" referrerpolicy=\"no-referrer-when-downgrade\"><\/iframe><\/div>\t\t<\/div>\r\n\t\t\r\n\t<div class=\"container\">\r\n\t\t<div class=\"contact-area1 aos-item\" data-aos=\"fade-up\" data-aos-duration=\"800\" data-aos-delay=\"400\">\r\n\t\t\t\t\t\t\t<div class=\"section-head style-1 text-center\">\r\n\t\t\t\t\r\n\t\t\t\t\t\t\t\t\t\t\t<h6 class=\"sub-title text-primary\">\r\n\t\t\t\t\t\t\t \u00e9crivez-nous\t\t\t\t\t\t<\/h6>\r\n\t\t\t\t\t\t\t\t\t\t\r\n\t\t\t\t\t<h2 class=\"title\">\r\n\t\t\t\t\t\tContactez-nous\t\t\t\t\t<\/h2>\r\n\t\t\t\t\t\r\n\t\t\t\t\t\t\t\t\t<\/div>\r\n\t\t\t\t\t\t\r\n\t\t\t\t\t\t\t<div class=\"dz-form style-1 dzForm\">\r\n\t\t\t\t\t\n<div class=\"wpcf7 no-js\" id=\"wpcf7-f2376-o1\" lang=\"en-US\" dir=\"ltr\" data-wpcf7-id=\"2376\">\n<div class=\"screen-reader-response\"><p role=\"status\" aria-live=\"polite\" aria-atomic=\"true\"><\/p> <ul><\/ul><\/div>\n<form action=\"\/fr\/wp-json\/wp\/v2\/pages\/2364#wpcf7-f2376-o1\" method=\"post\" class=\"wpcf7-form init\" aria-label=\"Contact form\" novalidate=\"novalidate\" data-status=\"init\">\n<div style=\"display: none;\">\n<input type=\"hidden\" name=\"_wpcf7\" value=\"2376\" \/>\n<input type=\"hidden\" name=\"_wpcf7_version\" value=\"6.0.6\" \/>\n<input type=\"hidden\" name=\"_wpcf7_locale\" value=\"en_US\" \/>\n<input type=\"hidden\" name=\"_wpcf7_unit_tag\" value=\"wpcf7-f2376-o1\" \/>\n<input type=\"hidden\" name=\"_wpcf7_container_post\" value=\"0\" \/>\n<input type=\"hidden\" name=\"_wpcf7_posted_data_hash\" value=\"\" \/>\n<input type=\"hidden\" name=\"_wpcf7_recaptcha_response\" value=\"\" \/>\n<\/div>\n<div class=\"row sp10\">\n<div class=\"col-sm-6 m-b20\">\n<span class=\"wpcf7-form-control-wrap\" data-name=\"dzfName\"><input size=\"40\" maxlength=\"400\" class=\"wpcf7-form-control wpcf7-text form-control\" aria-invalid=\"false\" placeholder=\"Pr\u00e9nom\" value=\"\" type=\"text\" name=\"dzfName\" \/><\/span>\n<\/div>\n<div class=\"col-sm-6 m-b20\">\n<span class=\"wpcf7-form-control-wrap\" data-name=\"dzlName\"><input size=\"40\" maxlength=\"400\" class=\"wpcf7-form-control wpcf7-text form-control\" aria-invalid=\"false\" placeholder=\"Nom\" value=\"\" type=\"text\" name=\"dzlName\" \/><\/span>\n<\/div>\n<div class=\"col-sm-6 m-b20\">\n<span class=\"wpcf7-form-control-wrap\" data-name=\"dzEmail\"><input size=\"40\" maxlength=\"400\" class=\"wpcf7-form-control wpcf7-email wpcf7-text wpcf7-validates-as-email form-control\" aria-invalid=\"false\" placeholder=\"Votre adresse e-mail\" value=\"\" type=\"email\" name=\"dzEmail\" \/><\/span>\n<\/div>\n<div class=\"col-sm-6 m-b20\">\n<span class=\"wpcf7-form-control-wrap\" data-name=\"dzphone\"><input size=\"40\" maxlength=\"400\" class=\"wpcf7-form-control wpcf7-text form-control\" aria-invalid=\"false\" placeholder=\"Num\u00e9ro de t\u00e9l\u00e9phone\" value=\"\" type=\"text\" name=\"dzphone\" \/><\/span>\n<\/div>\n<div class=\"col-sm-12 m-b20\">\n<span class=\"wpcf7-form-control-wrap\" data-name=\"dzsubject\"><input size=\"40\" maxlength=\"400\" class=\"wpcf7-form-control wpcf7-text form-control\" aria-invalid=\"false\" placeholder=\"Subject\" value=\"\" type=\"text\" name=\"dzsubject\" \/><\/span>\n<\/div>\n<div class=\"col-sm-12 m-b20\">\n<span class=\"wpcf7-form-control-wrap\" data-name=\"dzMessage\"><textarea cols=\"40\" rows=\"10\" maxlength=\"2000\" class=\"wpcf7-form-control wpcf7-textarea form-control\" aria-invalid=\"false\" placeholder=\"Vos messages....\" name=\"dzMessage\"><\/textarea><\/span>\n<\/div>\n<div class=\"col-sm-12 text-center\">\n<input class=\"wpcf7-form-control wpcf7-submit has-spinner btn btn-primary btn-rounded\" type=\"submit\" value=\"Soumettre\" \/>\n<\/div>\n<\/div><div class=\"wpcf7-response-output\" aria-hidden=\"true\"><\/div>\n<\/form>\n<\/div>\n\t\t\t\t\t\r\n\t\t\t\t<\/div>\r\n\t\t\t\t\t<\/div>\r\n\t<\/div>\r\n<\/section>\t\t\t\t<\/div>\n\t\t\t\t<\/div>\n\t\t\t\t\t<\/div>\n\t\t<\/div>\n\t\t\t\t\t<\/div>\n\t\t<\/section>\n\t\t<div class=\"elementor-element elementor-element-38f4e73 e-flex e-con-boxed e-con e-parent\" data-id=\"38f4e73\" data-element_type=\"container\">\n\t\t\t\t\t<div class=\"e-con-inner\">\n\t\t\t\t<div class=\"elementor-element elementor-element-45999ca elementor-widget elementor-widget-heading\" data-id=\"45999ca\" data-element_type=\"widget\" data-widget_type=\"heading.default\">\n\t\t\t\t<div class=\"elementor-widget-container\">\n\t\t\t\t\t<h3 class=\"elementor-heading-title elementor-size-default\">Contact the Team<\/h3>\t\t\t\t<\/div>\n\t\t\t\t<\/div>\n\t\t\t\t<div class=\"elementor-element elementor-element-bfbb49a elementor-widget elementor-widget-spacer\" data-id=\"bfbb49a\" data-element_type=\"widget\" data-widget_type=\"spacer.default\">\n\t\t\t\t<div class=\"elementor-widget-container\">\n\t\t\t\t\t\t\t<div class=\"elementor-spacer\">\n\t\t\t<div class=\"elementor-spacer-inner\"><\/div>\n\t\t<\/div>\n\t\t\t\t\t\t<\/div>\n\t\t\t\t<\/div>\n\t\t\t\t\t<\/div>\n\t\t\t\t<\/div>\n\t\t<div class=\"elementor-element elementor-element-49c5adb e-flex e-con-boxed e-con e-parent\" data-id=\"49c5adb\" data-element_type=\"container\">\n\t\t\t\t\t<div class=\"e-con-inner\">\n\t\t<div class=\"elementor-element elementor-element-72e541a e-con-full e-flex e-con e-child\" data-id=\"72e541a\" data-element_type=\"container\">\n\t\t\t\t<\/div>\n\t\t<div class=\"elementor-element elementor-element-8f51505 e-con-full e-flex e-con e-child\" data-id=\"8f51505\" data-element_type=\"container\">\n\t\t\t\t<div class=\"elementor-element elementor-element-bcca3d3 elementor-widget elementor-widget-image\" data-id=\"bcca3d3\" data-element_type=\"widget\" data-widget_type=\"image.default\">\n\t\t\t\t<div class=\"elementor-widget-container\">\n\t\t\t\t\t\t\t\t\t\t\t\t\t\t\t<img fetchpriority=\"high\" decoding=\"async\" width=\"600\" height=\"900\" src=\"https:\/\/gspremium-construction.com\/wp-content\/uploads\/2025\/05\/1e.jpg\" class=\"attachment-full size-full wp-image-2691\" alt=\"\" \/>\t\t\t\t\t\t\t\t\t\t\t\t\t\t\t<\/div>\n\t\t\t\t<\/div>\n\t\t\t\t<div class=\"elementor-element elementor-element-fdb7036 elementor-widget elementor-widget-text-editor\" data-id=\"fdb7036\" data-element_type=\"widget\" data-widget_type=\"text-editor.default\">\n\t\t\t\t<div class=\"elementor-widget-container\">\n\t\t\t\t\t\t\t\t\t<p><strong><span style=\"color: #000000;\">YURI GUSHCHAK<\/span><\/strong><br \/><span style=\"color: #333333;\"><strong>Pr\u00e9sident de la soci\u00e9t\u00e9<\/strong><\/span><br \/><span style=\"color: #333333;\"><a style=\"color: #333333;\" href=\"mailto:jorj@gspremium-construction.com\">jorj@gspremium-construction.com<\/a><\/span><br \/><span style=\"color: #333333;\">T\u00e9l. <a style=\"color: #333333;\" href=\"tel:+14378370109\">+14378370109<\/a><\/span><\/p><p>\u00a0<\/p>\t\t\t\t\t\t\t\t<\/div>\n\t\t\t\t<\/div>\n\t\t\t\t<\/div>\n\t\t<div class=\"elementor-element elementor-element-4edf46f e-con-full e-flex e-con e-child\" data-id=\"4edf46f\" data-element_type=\"container\">\n\t\t\t\t<div class=\"elementor-element elementor-element-20ee86e elementor-widget elementor-widget-image\" data-id=\"20ee86e\" data-element_type=\"widget\" data-widget_type=\"image.default\">\n\t\t\t\t<div class=\"elementor-widget-container\">\n\t\t\t\t\t\t\t\t\t\t\t\t\t\t\t<img decoding=\"async\" width=\"600\" height=\"900\" src=\"https:\/\/gspremium-construction.com\/wp-content\/uploads\/2025\/05\/team2.jpg\" class=\"attachment-full size-full wp-image-2680\" alt=\"\" \/>\t\t\t\t\t\t\t\t\t\t\t\t\t\t\t<\/div>\n\t\t\t\t<\/div>\n\t\t\t\t<div class=\"elementor-element elementor-element-794516b elementor-widget elementor-widget-text-editor\" data-id=\"794516b\" data-element_type=\"widget\" data-widget_type=\"text-editor.default\">\n\t\t\t\t<div class=\"elementor-widget-container\">\n\t\t\t\t\t\t\t\t\t<p><strong><span style=\"color: #000000;\">ANNA SHNAIDER<\/span><\/strong><br \/><span style=\"color: #333333;\"><strong>Directeur g\u00e9n\u00e9ral<\/strong><\/span><br \/><span style=\"color: #333333;\"><a style=\"color: #333333;\" href=\"mailto:anna@gspremium-construction.com\">anna@gspremium-construction.com<\/a><\/span><br \/><span style=\"color: #333333;\">T\u00e9l. <a style=\"color: #333333;\" href=\"tel:+14378370109\">+14378370109<\/a><\/span><\/p>\t\t\t\t\t\t\t\t<\/div>\n\t\t\t\t<\/div>\n\t\t\t\t<\/div>\n\t\t<div class=\"elementor-element elementor-element-ad1c2ab e-con-full e-flex e-con e-child\" data-id=\"ad1c2ab\" data-element_type=\"container\">\n\t\t\t\t<\/div>\n\t\t\t\t\t<\/div>\n\t\t\t\t<\/div>\n\t\t<div class=\"elementor-element elementor-element-e00d178 e-flex e-con-boxed e-con e-parent\" data-id=\"e00d178\" data-element_type=\"container\">\n\t\t\t\t\t<div class=\"e-con-inner\">\n\t\t\t\t<div class=\"elementor-element elementor-element-7e79c64 elementor-widget elementor-widget-spacer\" data-id=\"7e79c64\" data-element_type=\"widget\" data-widget_type=\"spacer.default\">\n\t\t\t\t<div class=\"elementor-widget-container\">\n\t\t\t\t\t\t\t<div class=\"elementor-spacer\">\n\t\t\t<div class=\"elementor-spacer-inner\"><\/div>\n\t\t<\/div>\n\t\t\t\t\t\t<\/div>\n\t\t\t\t<\/div>\n\t\t\t\t\t<\/div>\n\t\t\t\t<\/div>\n\t\t\t\t<\/div>\n\t\t","protected":false},"excerpt":{"rendered":"<p>G&#038;S PREMIUM CONSTRUCTION T\u00e9l\u00e9phonez maintenant +14378370109 Envoyez un e-mail maintenant info@gspremium-construction.com Adresse 2 Eva Road, Unit 2726, Etobicoke, Ontario, M9C0A9 \u00e9crivez-nous Contactez-nous Contact the Team YURI GUSHCHAKPr\u00e9sident de la soci\u00e9t\u00e9jorj@gspremium-construction.comT\u00e9l. +14378370109 \u00a0 ANNA SHNAIDERDirecteur g\u00e9n\u00e9ralanna@gspremium-construction.comT\u00e9l. +14378370109<\/p>\n","protected":false},"author":1,"featured_media":0,"parent":0,"menu_order":0,"comment_status":"closed","ping_status":"closed","template":"archcode_homepage.php","meta":{"footnotes":""},"class_list":["post-2364","page","type-page","status-publish","hentry"],"_links":{"self":[{"href":"https:\/\/gspremium-construction.com\/fr\/wp-json\/wp\/v2\/pages\/2364","targetHints":{"allow":["GET"]}}],"collection":[{"href":"https:\/\/gspremium-construction.com\/fr\/wp-json\/wp\/v2\/pages"}],"about":[{"href":"https:\/\/gspremium-construction.com\/fr\/wp-json\/wp\/v2\/types\/page"}],"author":[{"embeddable":true,"href":"https:\/\/gspremium-construction.com\/fr\/wp-json\/wp\/v2\/users\/1"}],"replies":[{"embeddable":true,"href":"https:\/\/gspremium-construction.com\/fr\/wp-json\/wp\/v2\/comments?post=2364"}],"version-history":[{"count":22,"href":"https:\/\/gspremium-construction.com\/fr\/wp-json\/wp\/v2\/pages\/2364\/revisions"}],"predecessor-version":[{"id":2749,"href":"https:\/\/gspremium-construction.com\/fr\/wp-json\/wp\/v2\/pages\/2364\/revisions\/2749"}],"wp:attachment":[{"href":"https:\/\/gspremium-construction.com\/fr\/wp-json\/wp\/v2\/media?parent=2364"}],"curies":[{"name":"wp","href":"https:\/\/api.w.org\/{rel}","templated":true}]}}